{"id":976,"date":"2023-06-15T14:03:23","date_gmt":"2023-06-15T12:03:23","guid":{"rendered":"https:\/\/www.stehovani-vyklizenislehkosti.cz\/thank-you\/"},"modified":"2024-06-16T15:29:05","modified_gmt":"2024-06-16T13:29:05","slug":"thank-you","status":"publish","type":"page","link":"https:\/\/www.stehovani-vyklizenislehkosti.cz\/en\/thank-you\/","title":{"rendered":"Thank You"},"content":{"rendered":"\t\t<div data-elementor-type=\"wp-page\" data-elementor-id=\"976\" class=\"elementor elementor-976 elementor-965\" data-elementor-post-type=\"page\">\n\t\t\t\t\t\t\t\t\t<section class=\"elementor-section elementor-top-section elementor-element elementor-element-3d718f5 elementor-section-height-min-height elementor-section-boxed elementor-section-height-default elementor-section-items-middle\" data-id=\"3d718f5\" data-element_type=\"section\" data-settings=\"{&quot;jet_parallax_layout_list&quot;:[]}\">\n\t\t\t\t\t\t<div class=\"elementor-container elementor-column-gap-default\">\n\t\t\t\t\t<div class=\"elementor-column elementor-col-100 elementor-top-column elementor-element elementor-element-17b474a\" data-id=\"17b474a\" data-element_type=\"column\">\n\t\t\t<div class=\"elementor-widget-wrap elementor-element-populated\">\n\t\t\t\t\t\t\t\t<div class=\"elementor-element elementor-element-8f38905 elementor-view-default elementor-widget elementor-widget-icon\" data-id=\"8f38905\" data-element_type=\"widget\" data-widget_type=\"icon.default\">\n\t\t\t\t<div class=\"elementor-widget-container\">\n\t\t\t\t\t<div class=\"elementor-icon-wrapper\">\n\t\t\t<div class=\"elementor-icon\">\n\t\t\t<svg aria-hidden=\"true\" class=\"e-font-icon-svg e-far-check-circle\" viewBox=\"0 0 512 512\" xmlns=\"http:\/\/www.w3.org\/2000\/svg\"><path d=\"M256 8C119.033 8 8 119.033 8 256s111.033 248 248 248 248-111.033 248-248S392.967 8 256 8zm0 48c110.532 0 200 89.451 200 200 0 110.532-89.451 200-200 200-110.532 0-200-89.451-200-200 0-110.532 89.451-200 200-200m140.204 130.267l-22.536-22.718c-4.667-4.705-12.265-4.736-16.97-.068L215.346 303.697l-59.792-60.277c-4.667-4.705-12.265-4.736-16.97-.069l-22.719 22.536c-4.705 4.667-4.736 12.265-.068 16.971l90.781 91.516c4.667 4.705 12.265 4.736 16.97.068l172.589-171.204c4.704-4.668 4.734-12.266.067-16.971z\"><\/path><\/svg>\t\t\t<\/div>\n\t\t<\/div>\n\t\t\t\t<\/div>\n\t\t\t\t<\/div>\n\t\t\t\t<div class=\"elementor-element elementor-element-697cd42 elementor-widget elementor-widget-heading\" data-id=\"697cd42\" data-element_type=\"widget\" data-widget_type=\"heading.default\">\n\t\t\t\t<div class=\"elementor-widget-container\">\n\t\t\t<style>\/*! elementor - v3.17.0 - 25-10-2023 *\/\n.elementor-heading-title{padding:0;margin:0;line-height:1}.elementor-widget-heading .elementor-heading-title[class*=elementor-size-]>a{color:inherit;font-size:inherit;line-height:inherit}.elementor-widget-heading .elementor-heading-title.elementor-size-small{font-size:15px}.elementor-widget-heading .elementor-heading-title.elementor-size-medium{font-size:19px}.elementor-widget-heading .elementor-heading-title.elementor-size-large{font-size:29px}.elementor-widget-heading .elementor-heading-title.elementor-size-xl{font-size:39px}.elementor-widget-heading .elementor-heading-title.elementor-size-xxl{font-size:59px}<\/style><h1 class=\"elementor-heading-title elementor-size-default\">Thank you for your message.<\/h1>\t\t<\/div>\n\t\t\t\t<\/div>\n\t\t\t\t<div class=\"elementor-element elementor-element-5ea9bce elementor-widget elementor-widget-text-editor\" data-id=\"5ea9bce\" data-element_type=\"widget\" data-widget_type=\"text-editor.default\">\n\t\t\t\t<div class=\"elementor-widget-container\">\n\t\t\t<style>\/*! elementor - v3.17.0 - 25-10-2023 *\/\n.elementor-widget-text-editor.elementor-drop-cap-view-stacked .elementor-drop-cap{background-color:#69727d;color:#fff}.elementor-widget-text-editor.elementor-drop-cap-view-framed .elementor-drop-cap{color:#69727d;border:3px solid;background-color:transparent}.elementor-widget-text-editor:not(.elementor-drop-cap-view-default) .elementor-drop-cap{margin-top:8px}.elementor-widget-text-editor:not(.elementor-drop-cap-view-default) .elementor-drop-cap-letter{width:1em;height:1em}.elementor-widget-text-editor .elementor-drop-cap{float:left;text-align:center;line-height:1;font-size:50px}.elementor-widget-text-editor .elementor-drop-cap-letter{display:inline-block}<\/style>\t\t\t\t<p>We will get back to you as soon as possible.<\/p>\n\t\t\t\t\t\t<\/div>\n\t\t\t\t<\/div>\n\t\t\t\t<div class=\"elementor-element elementor-element-0d29c27 elementor-button-info elementor-align-center elementor-widget elementor-widget-button\" data-id=\"0d29c27\" data-element_type=\"widget\" data-widget_type=\"button.default\">\n\t\t\t\t<div class=\"elementor-widget-container\">\n\t\t\t\t\t<div class=\"elementor-button-wrapper\">\n\t\t\t<a class=\"elementor-button elementor-button-link elementor-size-md\" href=\"https:\/\/www.stehovani-vyklizenislehkosti.cz\/en\/\" title=\"Mobiln\u00ed pneuservis\u200b Praha\">\n\t\t\t\t\t\t<span class=\"elementor-button-content-wrapper\">\n\t\t\t\t\t\t<span class=\"elementor-button-text\">Back to the Home Page<\/span>\n\t\t<\/span>\n\t\t\t\t\t<\/a>\n\t\t<\/div>\n\t\t\t\t<\/div>\n\t\t\t\t<\/div>\n\t\t\t\t\t<\/div>\n\t\t<\/div>\n\t\t\t\t\t\t\t<\/div>\n\t\t<\/section>\n\t\t\t\t\t\t\t<\/div>\n\t\t","protected":false},"excerpt":{"rendered":"<p>Thank you for your message. We will get back to you as soon as possible. Back to the Home Page<\/p>\n","protected":false},"author":1,"featured_media":0,"parent":0,"menu_order":0,"comment_status":"closed","ping_status":"closed","template":"elementor_header_footer","meta":{"footnotes":""},"class_list":["post-976","page","type-page","status-publish","hentry"],"yoast_head":"<!-- This site is optimized with the Yoast SEO plugin v27.3 - https:\/\/yoast.com\/product\/yoast-seo-wordpress\/ -->\n<title>Thank You | St\u011bhov\u00e1n\u00ed a vykl\u00edzen\u00ed s lehkost\u00ed<\/title>\n<meta name=\"robots\" content=\"index, follow, max-snippet:-1, max-image-preview:large, max-video-preview:-1\" \/>\n<link rel=\"canonical\" href=\"https:\/\/www.stehovani-vyklizenislehkosti.cz\/en\/thank-you\/\" \/>\n<meta property=\"og:locale\" content=\"en_US\" \/>\n<meta property=\"og:type\" content=\"article\" \/>\n<meta property=\"og:title\" content=\"Thank You | St\u011bhov\u00e1n\u00ed a vykl\u00edzen\u00ed s lehkost\u00ed\" \/>\n<meta property=\"og:description\" content=\"Thank you for your message. We will get back to you as soon as possible. Back to the Home Page\" \/>\n<meta property=\"og:url\" content=\"https:\/\/www.stehovani-vyklizenislehkosti.cz\/en\/thank-you\/\" \/>\n<meta property=\"og:site_name\" content=\"St\u011bhov\u00e1n\u00ed a vykl\u00edzen\u00ed s lehkost\u00ed\" \/>\n<meta property=\"article:modified_time\" content=\"2024-06-16T13:29:05+00:00\" \/>\n<meta property=\"og:image\" content=\"https:\/\/www.stehovani-vyklizenislehkosti.cz\/wp-content\/uploads\/2023\/04\/mid-adult-mechanic-doing-service-car-s-air-conditioner-unit-auto-repair-shop-kopie.webp\" \/>\n\t<meta property=\"og:image:width\" content=\"1920\" \/>\n\t<meta property=\"og:image:height\" content=\"1280\" \/>\n\t<meta property=\"og:image:type\" content=\"image\/webp\" \/>\n<meta name=\"twitter:card\" content=\"summary_large_image\" \/>\n<script type=\"application\/ld+json\" class=\"yoast-schema-graph\">{\"@context\":\"https:\\\/\\\/schema.org\",\"@graph\":[{\"@type\":\"WebPage\",\"@id\":\"https:\\\/\\\/www.stehovani-vyklizenislehkosti.cz\\\/en\\\/thank-you\\\/\",\"url\":\"https:\\\/\\\/www.stehovani-vyklizenislehkosti.cz\\\/en\\\/thank-you\\\/\",\"name\":\"Thank You | St\u011bhov\u00e1n\u00ed a vykl\u00edzen\u00ed s lehkost\u00ed\",\"isPartOf\":{\"@id\":\"https:\\\/\\\/www.stehovani-vyklizenislehkosti.cz\\\/en\\\/#website\"},\"datePublished\":\"2023-06-15T12:03:23+00:00\",\"dateModified\":\"2024-06-16T13:29:05+00:00\",\"breadcrumb\":{\"@id\":\"https:\\\/\\\/www.stehovani-vyklizenislehkosti.cz\\\/en\\\/thank-you\\\/#breadcrumb\"},\"inLanguage\":\"en-US\",\"potentialAction\":[{\"@type\":\"ReadAction\",\"target\":[\"https:\\\/\\\/www.stehovani-vyklizenislehkosti.cz\\\/en\\\/thank-you\\\/\"]}]},{\"@type\":\"BreadcrumbList\",\"@id\":\"https:\\\/\\\/www.stehovani-vyklizenislehkosti.cz\\\/en\\\/thank-you\\\/#breadcrumb\",\"itemListElement\":[{\"@type\":\"ListItem\",\"position\":1,\"name\":\"Dom\u016f\",\"item\":\"https:\\\/\\\/www.stehovani-vyklizenislehkosti.cz\\\/en\\\/\"},{\"@type\":\"ListItem\",\"position\":2,\"name\":\"Thank You\"}]},{\"@type\":\"WebSite\",\"@id\":\"https:\\\/\\\/www.stehovani-vyklizenislehkosti.cz\\\/en\\\/#website\",\"url\":\"https:\\\/\\\/www.stehovani-vyklizenislehkosti.cz\\\/en\\\/\",\"name\":\"St\u011bhov\u00e1n\u00ed a vykl\u00edzen\u00ed s lehkost\u00ed\",\"description\":\"ST\u011aHOV\u00c1N\u00cd kamkoli VYKL\u00cdZEN\u00cd kdykoli\",\"publisher\":{\"@id\":\"https:\\\/\\\/www.stehovani-vyklizenislehkosti.cz\\\/en\\\/#organization\"},\"potentialAction\":[{\"@type\":\"SearchAction\",\"target\":{\"@type\":\"EntryPoint\",\"urlTemplate\":\"https:\\\/\\\/www.stehovani-vyklizenislehkosti.cz\\\/en\\\/?s={search_term_string}\"},\"query-input\":{\"@type\":\"PropertyValueSpecification\",\"valueRequired\":true,\"valueName\":\"search_term_string\"}}],\"inLanguage\":\"en-US\"},{\"@type\":\"Organization\",\"@id\":\"https:\\\/\\\/www.stehovani-vyklizenislehkosti.cz\\\/en\\\/#organization\",\"name\":\"KlimaExpress\",\"url\":\"https:\\\/\\\/www.stehovani-vyklizenislehkosti.cz\\\/en\\\/\",\"logo\":{\"@type\":\"ImageObject\",\"inLanguage\":\"en-US\",\"@id\":\"https:\\\/\\\/www.stehovani-vyklizenislehkosti.cz\\\/en\\\/#\\\/schema\\\/logo\\\/image\\\/\",\"url\":\"https:\\\/\\\/www.stehovani-vyklizenislehkosti.cz\\\/wp-content\\\/uploads\\\/2023\\\/04\\\/vyklizeni-a-stehovani-s-lehkosti.webp\",\"contentUrl\":\"https:\\\/\\\/www.stehovani-vyklizenislehkosti.cz\\\/wp-content\\\/uploads\\\/2023\\\/04\\\/vyklizeni-a-stehovani-s-lehkosti.webp\",\"width\":870,\"height\":167,\"caption\":\"KlimaExpress\"},\"image\":{\"@id\":\"https:\\\/\\\/www.stehovani-vyklizenislehkosti.cz\\\/en\\\/#\\\/schema\\\/logo\\\/image\\\/\"}}]}<\/script>\n<!-- \/ Yoast SEO plugin. -->","yoast_head_json":{"title":"Thank You | St\u011bhov\u00e1n\u00ed a vykl\u00edzen\u00ed s lehkost\u00ed","robots":{"index":"index","follow":"follow","max-snippet":"max-snippet:-1","max-image-preview":"max-image-preview:large","max-video-preview":"max-video-preview:-1"},"canonical":"https:\/\/www.stehovani-vyklizenislehkosti.cz\/en\/thank-you\/","og_locale":"en_US","og_type":"article","og_title":"Thank You | St\u011bhov\u00e1n\u00ed a vykl\u00edzen\u00ed s lehkost\u00ed","og_description":"Thank you for your message. We will get back to you as soon as possible. Back to the Home Page","og_url":"https:\/\/www.stehovani-vyklizenislehkosti.cz\/en\/thank-you\/","og_site_name":"St\u011bhov\u00e1n\u00ed a vykl\u00edzen\u00ed s lehkost\u00ed","article_modified_time":"2024-06-16T13:29:05+00:00","og_image":[{"width":1920,"height":1280,"url":"https:\/\/www.stehovani-vyklizenislehkosti.cz\/wp-content\/uploads\/2023\/04\/mid-adult-mechanic-doing-service-car-s-air-conditioner-unit-auto-repair-shop-kopie.webp","type":"image\/webp"}],"twitter_card":"summary_large_image","schema":{"@context":"https:\/\/schema.org","@graph":[{"@type":"WebPage","@id":"https:\/\/www.stehovani-vyklizenislehkosti.cz\/en\/thank-you\/","url":"https:\/\/www.stehovani-vyklizenislehkosti.cz\/en\/thank-you\/","name":"Thank You | St\u011bhov\u00e1n\u00ed a vykl\u00edzen\u00ed s lehkost\u00ed","isPartOf":{"@id":"https:\/\/www.stehovani-vyklizenislehkosti.cz\/en\/#website"},"datePublished":"2023-06-15T12:03:23+00:00","dateModified":"2024-06-16T13:29:05+00:00","breadcrumb":{"@id":"https:\/\/www.stehovani-vyklizenislehkosti.cz\/en\/thank-you\/#breadcrumb"},"inLanguage":"en-US","potentialAction":[{"@type":"ReadAction","target":["https:\/\/www.stehovani-vyklizenislehkosti.cz\/en\/thank-you\/"]}]},{"@type":"BreadcrumbList","@id":"https:\/\/www.stehovani-vyklizenislehkosti.cz\/en\/thank-you\/#breadcrumb","itemListElement":[{"@type":"ListItem","position":1,"name":"Dom\u016f","item":"https:\/\/www.stehovani-vyklizenislehkosti.cz\/en\/"},{"@type":"ListItem","position":2,"name":"Thank You"}]},{"@type":"WebSite","@id":"https:\/\/www.stehovani-vyklizenislehkosti.cz\/en\/#website","url":"https:\/\/www.stehovani-vyklizenislehkosti.cz\/en\/","name":"St\u011bhov\u00e1n\u00ed a vykl\u00edzen\u00ed s lehkost\u00ed","description":"ST\u011aHOV\u00c1N\u00cd kamkoli VYKL\u00cdZEN\u00cd kdykoli","publisher":{"@id":"https:\/\/www.stehovani-vyklizenislehkosti.cz\/en\/#organization"},"potentialAction":[{"@type":"SearchAction","target":{"@type":"EntryPoint","urlTemplate":"https:\/\/www.stehovani-vyklizenislehkosti.cz\/en\/?s={search_term_string}"},"query-input":{"@type":"PropertyValueSpecification","valueRequired":true,"valueName":"search_term_string"}}],"inLanguage":"en-US"},{"@type":"Organization","@id":"https:\/\/www.stehovani-vyklizenislehkosti.cz\/en\/#organization","name":"KlimaExpress","url":"https:\/\/www.stehovani-vyklizenislehkosti.cz\/en\/","logo":{"@type":"ImageObject","inLanguage":"en-US","@id":"https:\/\/www.stehovani-vyklizenislehkosti.cz\/en\/#\/schema\/logo\/image\/","url":"https:\/\/www.stehovani-vyklizenislehkosti.cz\/wp-content\/uploads\/2023\/04\/vyklizeni-a-stehovani-s-lehkosti.webp","contentUrl":"https:\/\/www.stehovani-vyklizenislehkosti.cz\/wp-content\/uploads\/2023\/04\/vyklizeni-a-stehovani-s-lehkosti.webp","width":870,"height":167,"caption":"KlimaExpress"},"image":{"@id":"https:\/\/www.stehovani-vyklizenislehkosti.cz\/en\/#\/schema\/logo\/image\/"}}]}},"_links":{"self":[{"href":"https:\/\/www.stehovani-vyklizenislehkosti.cz\/en\/wp-json\/wp\/v2\/pages\/976","targetHints":{"allow":["GET"]}}],"collection":[{"href":"https:\/\/www.stehovani-vyklizenislehkosti.cz\/en\/wp-json\/wp\/v2\/pages"}],"about":[{"href":"https:\/\/www.stehovani-vyklizenislehkosti.cz\/en\/wp-json\/wp\/v2\/types\/page"}],"author":[{"embeddable":true,"href":"https:\/\/www.stehovani-vyklizenislehkosti.cz\/en\/wp-json\/wp\/v2\/users\/1"}],"replies":[{"embeddable":true,"href":"https:\/\/www.stehovani-vyklizenislehkosti.cz\/en\/wp-json\/wp\/v2\/comments?post=976"}],"version-history":[{"count":5,"href":"https:\/\/www.stehovani-vyklizenislehkosti.cz\/en\/wp-json\/wp\/v2\/pages\/976\/revisions"}],"predecessor-version":[{"id":1531,"href":"https:\/\/www.stehovani-vyklizenislehkosti.cz\/en\/wp-json\/wp\/v2\/pages\/976\/revisions\/1531"}],"wp:attachment":[{"href":"https:\/\/www.stehovani-vyklizenislehkosti.cz\/en\/wp-json\/wp\/v2\/media?parent=976"}],"curies":[{"name":"wp","href":"https:\/\/api.w.org\/{rel}","templated":true}]}}